{"id":2601,"date":"2024-07-03T09:45:44","date_gmt":"2024-07-03T09:45:44","guid":{"rendered":"https:\/\/rosybrown-dugong-435448.hostingersite.com\/?post_type=product&#038;p=2601"},"modified":"2025-10-29T20:28:00","modified_gmt":"2025-10-29T20:28:00","slug":"12-months-subscriptions","status":"publish","type":"product","link":"https:\/\/mimiptv.com\/ro\/produs\/12-months-subscriptions\/","title":{"rendered":"12 \u0107hona abonamento"},"content":{"rendered":"<p>\u2022 12 Months<br \/>\n\u2022 Instantno Bi\u0107haldipen prekal o E-mailo<br \/>\n\u2022 Catch Up \/ EPG Sa e USA, KANADA, UK thaj Evropake Kanalura<br \/>\n\u2022 GRATIS Kanalura thaj VOD-eske Nevimata<br \/>\n\u2022 1 Konekcia<br \/>\n\u2022 Kompatibilno e aparaturenca sar so si Smart TV, sa e tv kutie, smartphone, kompjuterura, tableta, thaj aver. Bi-limit\u00e0ciaqo lo\u015balipen si tumenqe dino kote so \u017aan thaj katar savi godi aparatur\u01ce!<\/p>","protected":false},"excerpt":{"rendered":"<p>\u2022 12 Months \u2022 Instant Delivery via Email \u2022 Catch Up \/ EPG For All USA, CANADA, UK and European Channels \u2022 FREE Channels &amp; VOD Updates \u2022 1 Connection \u2022 Compatible with devices such as Smart TVs, all tv boxes, smartphones, computers, tablets, and more. Unlimited entertainment is available to you wherever you go [&hellip;]<\/p>","protected":false},"featured_media":5217,"comment_status":"open","ping_status":"closed","template":"","meta":{"_acf_changed":false,"om_disable_all_campaigns":false,"_monsterinsights_skip_tracking":false,"_monsterinsights_sitenote_active":false,"_monsterinsights_sitenote_note":"","_monsterinsights_sitenote_category":0,"_uf_show_specific_survey":0,"_uf_disable_surveys":false},"product_brand":[],"product_cat":[56],"product_tag":[],"class_list":{"0":"post-2601","1":"product","2":"type-product","3":"status-publish","4":"has-post-thumbnail","6":"product_cat-renew","8":"first","9":"instock","10":"virtual","11":"taxable","12":"purchasable","13":"product-type-simple"},"acf":[],"jetpack_sharing_enabled":true,"_links":{"self":[{"href":"https:\/\/mimiptv.com\/ro\/wp-json\/wp\/v2\/product\/2601","targetHints":{"allow":["GET"]}}],"collection":[{"href":"https:\/\/mimiptv.com\/ro\/wp-json\/wp\/v2\/product"}],"about":[{"href":"https:\/\/mimiptv.com\/ro\/wp-json\/wp\/v2\/types\/product"}],"replies":[{"embeddable":true,"href":"https:\/\/mimiptv.com\/ro\/wp-json\/wp\/v2\/comments?post=2601"}],"wp:featuredmedia":[{"embeddable":true,"href":"https:\/\/mimiptv.com\/ro\/wp-json\/wp\/v2\/media\/5217"}],"wp:attachment":[{"href":"https:\/\/mimiptv.com\/ro\/wp-json\/wp\/v2\/media?parent=2601"}],"wp:term":[{"taxonomy":"product_brand","embeddable":true,"href":"https:\/\/mimiptv.com\/ro\/wp-json\/wp\/v2\/product_brand?post=2601"},{"taxonomy":"product_cat","embeddable":true,"href":"https:\/\/mimiptv.com\/ro\/wp-json\/wp\/v2\/product_cat?post=2601"},{"taxonomy":"product_tag","embeddable":true,"href":"https:\/\/mimiptv.com\/ro\/wp-json\/wp\/v2\/product_tag?post=2601"}],"curies":[{"name":"wp","href":"https:\/\/api.w.org\/{rel}","templated":true}]}}