{"id":5362,"date":"2025-07-29T00:37:30","date_gmt":"2025-07-29T00:37:30","guid":{"rendered":"https:\/\/mimiptv.com\/?post_type=product&#038;p=5362"},"modified":"2025-09-27T22:43:28","modified_gmt":"2025-09-27T22:43:28","slug":"suscripcion-de-15-meses","status":"publish","type":"product","link":"https:\/\/mimiptv.com\/es\/producto\/suscripcion-de-15-meses\/","title":{"rendered":"Suscripci\u00f3n de 15 meses"},"content":{"rendered":"<p>\u2022 15 meses<br \/>\n\u2022 Entrega instant\u00e1nea por correo electr\u00f3nico<br \/>\n\u2022 Actualizaci\u00f3n de canales \/ Gu\u00eda de programaci\u00f3n electr\u00f3nica (EPG) para todos los canales de EE. UU., Canad\u00e1, Reino Unido y Europa<br \/>\n\u2022 Canales y actualizaciones de VOD GRATIS<br \/>\n\u2022 1 conexi\u00f3n<br \/>\n\u2022 Compatible con dispositivos como Smart TVs, TV Boxes, smartphones, ordenadores, tablets y m\u00e1s. Disfruta de entretenimiento ilimitado dondequiera que vayas y desde cualquier dispositivo!<\/p>","protected":false},"excerpt":{"rendered":"<p>\u2022 15 meses \u2022 Entrega instant\u00e1nea por correo electr\u00f3nico \u2022 Actualizaci\u00f3n de canales \/ Gu\u00eda de programaci\u00f3n electr\u00f3nica (EPG) para todos los canales de EE. UU., Canad\u00e1, Reino Unido y Europa \u2022 Canales y actualizaciones de VOD GRATIS \u2022 1 conexi\u00f3n \u2022 Compatible con dispositivos como Smart TVs, TV Boxes, smartphones, ordenadores, tablets y m\u00e1s. [&hellip;]<\/p>","protected":false},"featured_media":5363,"comment_status":"open","ping_status":"closed","template":"","meta":{"_acf_changed":false,"om_disable_all_campaigns":false,"_monsterinsights_skip_tracking":false,"_monsterinsights_sitenote_active":false,"_monsterinsights_sitenote_note":"","_monsterinsights_sitenote_category":0,"_uf_show_specific_survey":0,"_uf_disable_surveys":false},"product_brand":[],"product_cat":[54],"product_tag":[],"class_list":{"0":"post-5362","1":"product","2":"type-product","3":"status-publish","4":"has-post-thumbnail","6":"product_cat-multiroom","8":"first","9":"instock","10":"virtual","11":"taxable","12":"purchasable","13":"product-type-simple"},"acf":[],"jetpack_sharing_enabled":true,"_links":{"self":[{"href":"https:\/\/mimiptv.com\/es\/wp-json\/wp\/v2\/product\/5362","targetHints":{"allow":["GET"]}}],"collection":[{"href":"https:\/\/mimiptv.com\/es\/wp-json\/wp\/v2\/product"}],"about":[{"href":"https:\/\/mimiptv.com\/es\/wp-json\/wp\/v2\/types\/product"}],"replies":[{"embeddable":true,"href":"https:\/\/mimiptv.com\/es\/wp-json\/wp\/v2\/comments?post=5362"}],"wp:featuredmedia":[{"embeddable":true,"href":"https:\/\/mimiptv.com\/es\/wp-json\/wp\/v2\/media\/5363"}],"wp:attachment":[{"href":"https:\/\/mimiptv.com\/es\/wp-json\/wp\/v2\/media?parent=5362"}],"wp:term":[{"taxonomy":"product_brand","embeddable":true,"href":"https:\/\/mimiptv.com\/es\/wp-json\/wp\/v2\/product_brand?post=5362"},{"taxonomy":"product_cat","embeddable":true,"href":"https:\/\/mimiptv.com\/es\/wp-json\/wp\/v2\/product_cat?post=5362"},{"taxonomy":"product_tag","embeddable":true,"href":"https:\/\/mimiptv.com\/es\/wp-json\/wp\/v2\/product_tag?post=5362"}],"curies":[{"name":"wp","href":"https:\/\/api.w.org\/{rel}","templated":true}]}}